{"id":708,"date":"2022-06-07T16:50:14","date_gmt":"2022-06-07T21:50:14","guid":{"rendered":"https:\/\/usadas.ascendum.mx\/wp65\/?page_id=708"},"modified":"2023-03-17T12:02:34","modified_gmt":"2023-03-17T18:02:34","slug":"contacto","status":"publish","type":"page","link":"https:\/\/usadas.ascendum.mx\/wp65\/contacto\/","title":{"rendered":"Contacto"},"content":{"rendered":"<p>[et_pb_section fb_built=\u00bb1&#8243; _builder_version=\u00bb4.17.6&#8243; _module_preset=\u00bbdefault\u00bb custom_margin=\u00bb0px|0px|0px|0px|true|true\u00bb custom_padding=\u00bb1px|1px|1px|1px|true|true\u00bb global_colors_info=\u00bb{}\u00bb][et_pb_row _builder_version=\u00bb4.18.0&#8243; _module_preset=\u00bbdefault\u00bb width=\u00bb99%\u00bb module_alignment=\u00bbcenter\u00bb custom_margin=\u00bb0px|0px|0px|0px|true|true\u00bb custom_padding=\u00bb1px|1px|1px|1px|true|true\u00bb global_colors_info=\u00bb{}\u00bb][et_pb_column type=\u00bb4_4&#8243; _builder_version=\u00bb4.17.4&#8243; _module_preset=\u00bbdefault\u00bb global_colors_info=\u00bb{}\u00bb][et_pb_text _builder_version=\u00bb4.20.2&#8243; _module_preset=\u00bbdefault\u00bb header_4_line_height=\u00bb1.2em\u00bb module_alignment=\u00bbcenter\u00bb custom_margin=\u00bb0px|0px|0px|0px|true|true\u00bb custom_padding=\u00bb1px|1px|1px|1px|true|true\u00bb hover_enabled=\u00bb0&#8243; global_colors_info=\u00bb{}\u00bb sticky_enabled=\u00bb0&#8243;]<\/p>\n<h4><strong>Si deseas recibir m\u00e1s informaci\u00f3n sobre este equipo, cotizar alguna refacci\u00f3n o adquirir alg\u00fan aditamento adicional puedes hacerlo llenando los siguientes campos:<\/strong><\/h4>\n<p style=\"text-align: center;\"><div id=\"quform-17e4fc\" class=\"quform quform-18 quform-theme-minimal quform-support-page-caching\"><form id=\"quform-form-17e4fc\" class=\"quform-form quform-form-18\" action=\"\/wp65\/wp-json\/wp\/v2\/pages\/708?doing_wp_cron=1775408459.3934400081634521484375#quform-17e4fc\" method=\"post\" enctype=\"multipart\/form-data\" novalidate=\"novalidate\" data-options=\"{&quot;id&quot;:18,&quot;uniqueId&quot;:&quot;17e4fc&quot;,&quot;theme&quot;:&quot;minimal&quot;,&quot;ajax&quot;:true,&quot;logic&quot;:{&quot;logic&quot;:[],&quot;dependents&quot;:[],&quot;elementIds&quot;:[],&quot;dependentElementIds&quot;:[],&quot;animate&quot;:true},&quot;currentPageId&quot;:1,&quot;errorsIcon&quot;:&quot;&quot;,&quot;updateFancybox&quot;:true,&quot;hasPages&quot;:false,&quot;pages&quot;:[1],&quot;pageProgressType&quot;:&quot;numbers&quot;,&quot;tooltipsEnabled&quot;:true,&quot;tooltipClasses&quot;:&quot;qtip-quform-dark qtip-shadow&quot;,&quot;tooltipMy&quot;:&quot;left center&quot;,&quot;tooltipAt&quot;:&quot;right center&quot;,&quot;isRtl&quot;:false,&quot;scrollOffset&quot;:-50,&quot;scrollSpeed&quot;:800}\"><button class=\"quform-default-submit\" name=\"quform_submit\" type=\"submit\" value=\"submit\" aria-hidden=\"true\" tabindex=\"-1\"><\/button><div class=\"quform-form-inner quform-form-inner-18\"><input type=\"hidden\" name=\"quform_form_id\" value=\"18\" \/><input type=\"hidden\" name=\"quform_form_uid\" value=\"17e4fc\" \/><input type=\"hidden\" name=\"quform_count\" value=\"1\" \/><input type=\"hidden\" name=\"form_url\" value=\"https:\/\/usadas.ascendum.mx\/wp65\/wp-json\/wp\/v2\/pages\/708?doing_wp_cron=1775408459.3934400081634521484375\" \/><input type=\"hidden\" name=\"referring_url\" value=\"https:\/\/usadas.ascendum.mx\/wp65\/wp-json\/wp\/v2\/pages\/708\" \/><input type=\"hidden\" name=\"post_id\" value=\"\" \/><input type=\"hidden\" name=\"post_title\" value=\"\" \/><input type=\"hidden\" name=\"quform_current_page_id\" value=\"1\" \/><input type=\"hidden\" name=\"quform_csrf_token\" value=\"IqS63uY9pGPKE7F5CciKSKkFhwN8U0L7jm3ioc1u\" \/><div class=\"quform-elements quform-elements-18 quform-cf quform-responsive-elements-phone-landscape\"><div class=\"quform-element quform-element-page quform-page-1 quform-page-18_1 quform-cf quform-group-style-plain quform-first-page quform-last-page quform-current-page\"><div class=\"quform-child-elements\"><div class=\"quform-element quform-element-group quform-element-18_5 quform-cf quform-group-style-plain\"><div class=\"quform-spacer\"><div class=\"quform-child-elements\"><div class=\"quform-element quform-element-row quform-element-row-18_20 quform-2-columns quform-element-row-size-fixed quform-responsive-columns-phone-landscape\"><div class=\"quform-element quform-element-column quform-element-18_21\"><div class=\"quform-element quform-element-text quform-element-18_18 quform-cf quform-labels-inside quform-element-required\"><div class=\"quform-spacer\"><div class=\"quform-label quform-label-18_18\"><label class=\"quform-label-text\" for=\"quform_18_18_17e4fc\">Nombre<span class=\"quform-required\">*<\/span><\/label><\/div><div class=\"quform-inner quform-inner-text quform-inner-18_18\"><div class=\"quform-input quform-input-text quform-input-18_18 quform-cf\"><input type=\"text\" id=\"quform_18_18_17e4fc\" name=\"quform_18_18\" class=\"quform-field quform-field-text quform-field-18_18\" \/><\/div><\/div><\/div><\/div><div class=\"quform-element quform-element-text quform-element-18_19 quform-cf quform-labels-inside quform-element-required\"><div class=\"quform-spacer\"><div class=\"quform-label quform-label-18_19\"><label class=\"quform-label-text\" for=\"quform_18_19_17e4fc\">Apellidos<span class=\"quform-required\">*<\/span><\/label><\/div><div class=\"quform-inner quform-inner-text quform-inner-18_19\"><div class=\"quform-input quform-input-text quform-input-18_19 quform-cf\"><input type=\"text\" id=\"quform_18_19_17e4fc\" name=\"quform_18_19\" class=\"quform-field quform-field-text quform-field-18_19\" \/><\/div><\/div><\/div><\/div><\/div><div class=\"quform-element quform-element-column quform-element-18_22\"><div class=\"quform-element quform-element-email quform-element-18_7 quform-cf quform-labels-inside quform-element-required\"><div class=\"quform-spacer\"><div class=\"quform-label quform-label-18_7\"><label class=\"quform-label-text\" for=\"quform_18_7_17e4fc\">Email<span class=\"quform-required\">*<\/span><\/label><\/div><div class=\"quform-inner quform-inner-email quform-inner-18_7\"><div class=\"quform-input quform-input-email quform-input-18_7 quform-cf\"><input type=\"email\" id=\"quform_18_7_17e4fc\" name=\"quform_18_7\" class=\"quform-field quform-field-email quform-field-18_7\" \/><\/div><\/div><\/div><\/div><div class=\"quform-element quform-element-text quform-element-18_8 quform-cf quform-labels-inside quform-element-required\"><div class=\"quform-spacer\"><div class=\"quform-label quform-label-18_8\"><label class=\"quform-label-text\" for=\"quform_18_8_17e4fc\">Tel\u00e9fono<span class=\"quform-required\">*<\/span><\/label><\/div><div class=\"quform-inner quform-inner-text quform-inner-18_8\"><div class=\"quform-input quform-input-text quform-input-18_8 quform-cf\"><input type=\"text\" id=\"quform_18_8_17e4fc\" name=\"quform_18_8\" class=\"quform-field quform-field-text quform-field-18_8\" \/><\/div><\/div><\/div><\/div><\/div><\/div><\/div><\/div><\/div><div class=\"quform-element quform-element-row quform-element-row-18_26 quform-2-columns quform-element-row-size-fixed quform-responsive-columns-phone-landscape\"><div class=\"quform-element quform-element-column quform-element-18_27\"><div class=\"quform-element quform-element-textarea quform-element-18_13 quform-cf quform-labels-inside quform-element-optional\"><div class=\"quform-spacer\"><div class=\"quform-label quform-label-18_13\"><label class=\"quform-label-text\" for=\"quform_18_13_17e4fc\">Comentario<\/label><\/div><div class=\"quform-inner quform-inner-textarea quform-inner-18_13\"><div class=\"quform-input quform-input-textarea quform-input-18_13 quform-cf\"><textarea id=\"quform_18_13_17e4fc\" name=\"quform_18_13\" class=\"quform-field quform-field-textarea quform-field-18_13\"><\/textarea><\/div><\/div><\/div><\/div><\/div><div class=\"quform-element quform-element-column quform-element-18_28\"><div class=\"quform-element quform-element-text quform-element-18_33 quform-cf quform-labels-inside quform-element-optional\"><div class=\"quform-spacer\"><div class=\"quform-label quform-label-18_33\"><label class=\"quform-label-text\" for=\"quform_18_33_17e4fc\">Empresa<\/label><\/div><div class=\"quform-inner quform-inner-text quform-inner-18_33\"><div class=\"quform-input quform-input-text quform-input-18_33 quform-cf\"><input type=\"text\" id=\"quform_18_33_17e4fc\" name=\"quform_18_33\" class=\"quform-field quform-field-text quform-field-18_33\" \/><\/div><\/div><\/div><\/div><div class=\"quform-element quform-element-select quform-element-18_32 quform-cf quform-element-required\"><div class=\"quform-spacer\"><div class=\"quform-label quform-label-18_32\"><label class=\"quform-label-text\" for=\"quform_18_32_17e4fc\">Estado<span class=\"quform-required\">*<\/span><\/label><\/div><div class=\"quform-inner quform-inner-select quform-inner-18_32\"><div class=\"quform-input quform-input-select quform-input-18_32 quform-cf\"><select id=\"quform_18_32_17e4fc\" name=\"quform_18_32\" class=\"quform-field quform-field-select quform-field-18_32\"><option value=\"\" selected=\"selected\">Please select<\/option><option value=\"Aguascalientes\">Aguascalientes<\/option><option value=\"Baja California\">Baja California<\/option><option value=\"Baja California Sur\">Baja California Sur<\/option><option value=\"Campeche\">Campeche<\/option><option value=\"Chiapas\">Chiapas<\/option><option value=\"Chihuahua\">Chihuahua<\/option><option value=\"Coahuila\">Coahuila<\/option><option value=\"Colima\">Colima<\/option><option value=\"Distrito Federal\">Distrito Federal<\/option><option value=\"Durango\">Durango<\/option><option value=\"Guanajuato\">Guanajuato<\/option><option value=\"Guerrero\">Guerrero<\/option><option value=\"Hidalgo\">Hidalgo<\/option><option value=\"Jalisco\">Jalisco<\/option><option value=\"M\u00e9xico\">M\u00e9xico<\/option><option value=\"Michoac\u00e1n\">Michoac\u00e1n<\/option><option value=\"Morelos\">Morelos<\/option><option value=\"Nayarit\">Nayarit<\/option><option value=\"Nuevo Le\u00f3n\">Nuevo Le\u00f3n<\/option><option value=\"Oaxaca\">Oaxaca<\/option><option value=\"Puebla\">Puebla<\/option><option value=\"Quer\u00e9taro\">Quer\u00e9taro<\/option><option value=\"Quintana Roo\">Quintana Roo<\/option><option value=\"San Luis Potos\u00ed\">San Luis Potos\u00ed<\/option><option value=\"Sinaloa\">Sinaloa<\/option><option value=\"Sonora\">Sonora<\/option><option value=\"Tabasco\">Tabasco<\/option><option value=\"Tamaulipas\">Tamaulipas<\/option><option value=\"Tlaxcala\">Tlaxcala<\/option><option value=\"Veracruz\">Veracruz<\/option><option value=\"Yucat\u00e1n\">Yucat\u00e1n<\/option><option value=\"Zacatecas\">Zacatecas<\/option><\/select><\/div><\/div><\/div><\/div><div class=\"quform-element quform-element-checkbox quform-element-18_17 quform-cf quform-element-optional\"><div class=\"quform-spacer\"><div class=\"quform-inner quform-inner-checkbox quform-inner-18_17\"><div class=\"quform-input quform-input-checkbox quform-input-18_17 quform-cf\"><div class=\"quform-options quform-cf quform-options-block quform-options-simple\"><div class=\"quform-option\"><input type=\"checkbox\" name=\"quform_18_17[]\" id=\"quform_18_17_17e4fc_1\" class=\"quform-field quform-field-checkbox quform-field-18_17 quform-field-18_17_1\" value=\"Acepto t\u00e9rminos y condiciones\" \/><label for=\"quform_18_17_17e4fc_1\" class=\"quform-option-label quform-option-label-18_17_1\"><span class=\"quform-option-text\">Acepto t\u00e9rminos y condiciones<\/span><\/label><\/div><\/div><\/div><\/div><\/div><\/div><div class=\"quform-element quform-element-submit quform-element-18_2 quform-cf quform-button-style-classic quform-button-size-medium quform-button-width-large\"><div class=\"quform-button-submit quform-button-submit-default quform-button-submit-18_2\"><button name=\"quform_submit\" type=\"submit\" class=\"quform-submit\" value=\"submit\"><span class=\"quform-button-text quform-button-submit-text\">Enviar<\/span><\/button><\/div><div class=\"quform-loading quform-loading-position-left quform-loading-type-spinner-1\"><div class=\"quform-loading-inner\"><div class=\"quform-loading-spinner\"><div class=\"quform-loading-spinner-inner\"><\/div><\/div><\/div><\/div><\/div><\/div><\/div><input type=\"hidden\" name=\"quform_18_29\" class=\"quform-field quform-field-hidden quform-field-18_29\" data-default=\"https:\/\/usadas.ascendum.mx\/wp65\/wp-json\/wp\/v2\/pages\/708?doing_wp_cron=1775408459.3934400081634521484375\" value=\"https:\/\/usadas.ascendum.mx\/wp65\/wp-json\/wp\/v2\/pages\/708?doing_wp_cron=1775408459.3934400081634521484375\" \/><input type=\"hidden\" name=\"quform_18_30\" class=\"quform-field quform-field-hidden quform-field-18_30\" data-default=\"4\/5\/2026 11:01 AM\" value=\"4\/5\/2026 11:01 AM\" \/><input type=\"hidden\" name=\"quform_18_31\" class=\"quform-field quform-field-hidden quform-field-18_31\" data-default=\"216.73.216.109\" value=\"216.73.216.109\" \/><div class=\"quform-element-tree\"><label for=\"quform_18_0_17e4fc\">This field should be left blank<\/label><input type=\"text\" id=\"quform_18_0_17e4fc\" name=\"quform_18_0\" class=\"quform-field quform-field-tree quform-field-18_0\" tabindex=\"-1\" autocomplete=\"off\" \/><\/div><\/div><\/div><\/div><\/div><\/form><\/div><\/p>\n<p>&nbsp;<\/p>\n<p>[\/et_pb_text][\/et_pb_column][\/et_pb_row][\/et_pb_section]<\/p>\n","protected":false},"excerpt":{"rendered":"<p>Si deseas recibir m\u00e1s informaci\u00f3n sobre este equipo, cotizar alguna refacci\u00f3n o adquirir alg\u00fan aditamento adicional puedes hacerlo llenando los siguientes campos: <div id=\"quform-47db23\" class=\"quform quform-18 quform-theme-minimal quform-support-page-caching\"><form id=\"quform-form-47db23\" class=\"quform-form quform-form-18\" action=\"\/wp65\/wp-json\/wp\/v2\/pages\/708?doing_wp_cron=1775408459.3934400081634521484375#quform-47db23\" method=\"post\" enctype=\"multipart\/form-data\" novalidate=\"novalidate\" data-options=\"{&quot;id&quot;:18,&quot;uniqueId&quot;:&quot;47db23&quot;,&quot;theme&quot;:&quot;minimal&quot;,&quot;ajax&quot;:true,&quot;logic&quot;:{&quot;logic&quot;:[],&quot;dependents&quot;:[],&quot;elementIds&quot;:[],&quot;dependentElementIds&quot;:[],&quot;animate&quot;:true},&quot;currentPageId&quot;:1,&quot;errorsIcon&quot;:&quot;&quot;,&quot;updateFancybox&quot;:true,&quot;hasPages&quot;:false,&quot;pages&quot;:[1],&quot;pageProgressType&quot;:&quot;numbers&quot;,&quot;tooltipsEnabled&quot;:true,&quot;tooltipClasses&quot;:&quot;qtip-quform-dark qtip-shadow&quot;,&quot;tooltipMy&quot;:&quot;left center&quot;,&quot;tooltipAt&quot;:&quot;right center&quot;,&quot;isRtl&quot;:false,&quot;scrollOffset&quot;:-50,&quot;scrollSpeed&quot;:800}\"><button class=\"quform-default-submit\" name=\"quform_submit\" type=\"submit\" value=\"submit\" aria-hidden=\"true\" tabindex=\"-1\"><\/button><div class=\"quform-form-inner quform-form-inner-18\"><input type=\"hidden\" name=\"quform_form_id\" value=\"18\" \/><input type=\"hidden\" name=\"quform_form_uid\" value=\"47db23\" \/><input type=\"hidden\" name=\"quform_count\" value=\"2\" \/><input type=\"hidden\" name=\"form_url\" value=\"https:\/\/usadas.ascendum.mx\/wp65\/wp-json\/wp\/v2\/pages\/708?doing_wp_cron=1775408459.3934400081634521484375\" \/><input type=\"hidden\" name=\"referring_url\" value=\"https:\/\/usadas.ascendum.mx\/wp65\/wp-json\/wp\/v2\/pages\/708\" \/><input type=\"hidden\" name=\"post_id\" value=\"\" \/><input type=\"hidden\" name=\"post_title\" value=\"\" \/><input type=\"hidden\" name=\"quform_current_page_id\" value=\"1\" \/><input type=\"hidden\" name=\"quform_csrf_token\" value=\"IqS63uY9pGPKE7F5CciKSKkFhwN8U0L7jm3ioc1u\" \/><div class=\"quform-elements quform-elements-18 quform-cf quform-responsive-elements-phone-landscape\"><div class=\"quform-element quform-element-page quform-page-1 quform-page-18_1 quform-cf quform-group-style-plain quform-first-page quform-last-page quform-current-page\"><div class=\"quform-child-elements\"><div class=\"quform-element quform-element-group quform-element-18_5 quform-cf quform-group-style-plain\"><div class=\"quform-spacer\"><div class=\"quform-child-elements\"><div class=\"quform-element quform-element-row quform-element-row-18_20 quform-2-columns quform-element-row-size-fixed quform-responsive-columns-phone-landscape\"><div class=\"quform-element quform-element-column quform-element-18_21\"><div class=\"quform-element quform-element-text quform-element-18_18 quform-cf quform-labels-inside quform-element-required\"><div class=\"quform-spacer\"><div class=\"quform-label quform-label-18_18\"><label class=\"quform-label-text\" for=\"quform_18_18_47db23\">Nombre<span class=\"quform-required\">*<\/span><\/label><\/div><div class=\"quform-inner quform-inner-text quform-inner-18_18\"><div class=\"quform-input quform-input-text quform-input-18_18 quform-cf\"><input type=\"text\" id=\"quform_18_18_47db23\" name=\"quform_18_18\" class=\"quform-field quform-field-text quform-field-18_18\" \/><\/div><\/div><\/div><\/div><div class=\"quform-element quform-element-text quform-element-18_19 quform-cf quform-labels-inside quform-element-required\"><div class=\"quform-spacer\"><div class=\"quform-label quform-label-18_19\"><label class=\"quform-label-text\" for=\"quform_18_19_47db23\">Apellidos<span class=\"quform-required\">*<\/span><\/label><\/div><div class=\"quform-inner quform-inner-text quform-inner-18_19\"><div class=\"quform-input quform-input-text quform-input-18_19 quform-cf\"><input type=\"text\" id=\"quform_18_19_47db23\" name=\"quform_18_19\" class=\"quform-field quform-field-text quform-field-18_19\" \/><\/div><\/div><\/div><\/div><\/div><div class=\"quform-element quform-element-column quform-element-18_22\"><div class=\"quform-element quform-element-email quform-element-18_7 quform-cf quform-labels-inside quform-element-required\"><div class=\"quform-spacer\"><div class=\"quform-label quform-label-18_7\"><label class=\"quform-label-text\" for=\"quform_18_7_47db23\">Email<span class=\"quform-required\">*<\/span><\/label><\/div><div class=\"quform-inner quform-inner-email quform-inner-18_7\"><div class=\"quform-input quform-input-email quform-input-18_7 quform-cf\"><input type=\"email\" id=\"quform_18_7_47db23\" name=\"quform_18_7\" class=\"quform-field quform-field-email quform-field-18_7\" \/><\/div><\/div><\/div><\/div><div class=\"quform-element quform-element-text quform-element-18_8 quform-cf quform-labels-inside quform-element-required\"><div class=\"quform-spacer\"><div class=\"quform-label quform-label-18_8\"><label class=\"quform-label-text\" for=\"quform_18_8_47db23\">Tel\u00e9fono<span class=\"quform-required\">*<\/span><\/label><\/div><div class=\"quform-inner quform-inner-text quform-inner-18_8\"><div class=\"quform-input quform-input-text quform-input-18_8 quform-cf\"><input type=\"text\" id=\"quform_18_8_47db23\" name=\"quform_18_8\" class=\"quform-field quform-field-text quform-field-18_8\" \/><\/div><\/div><\/div><\/div><\/div><\/div><\/div><\/div><\/div><div class=\"quform-element quform-element-row quform-element-row-18_26 quform-2-columns quform-element-row-size-fixed quform-responsive-columns-phone-landscape\"><div class=\"quform-element quform-element-column quform-element-18_27\"><div class=\"quform-element quform-element-textarea quform-element-18_13 quform-cf quform-labels-inside quform-element-optional\"><div class=\"quform-spacer\"><div class=\"quform-label quform-label-18_13\"><label class=\"quform-label-text\" for=\"quform_18_13_47db23\">Comentario<\/label><\/div><div class=\"quform-inner quform-inner-textarea quform-inner-18_13\"><div class=\"quform-input quform-input-textarea quform-input-18_13 quform-cf\"><textarea id=\"quform_18_13_47db23\" name=\"quform_18_13\" class=\"quform-field quform-field-textarea quform-field-18_13\"><\/textarea><\/div><\/div><\/div><\/div><\/div><div class=\"quform-element quform-element-column quform-element-18_28\"><div class=\"quform-element quform-element-text quform-element-18_33 quform-cf quform-labels-inside quform-element-optional\"><div class=\"quform-spacer\"><div class=\"quform-label quform-label-18_33\"><label class=\"quform-label-text\" for=\"quform_18_33_47db23\">Empresa<\/label><\/div><div class=\"quform-inner quform-inner-text quform-inner-18_33\"><div class=\"quform-input quform-input-text quform-input-18_33 quform-cf\"><input type=\"text\" id=\"quform_18_33_47db23\" name=\"quform_18_33\" class=\"quform-field quform-field-text quform-field-18_33\" \/><\/div><\/div><\/div><\/div><div class=\"quform-element quform-element-select quform-element-18_32 quform-cf quform-element-required\"><div class=\"quform-spacer\"><div class=\"quform-label quform-label-18_32\"><label class=\"quform-label-text\" for=\"quform_18_32_47db23\">Estado<span class=\"quform-required\">*<\/span><\/label><\/div><div class=\"quform-inner quform-inner-select quform-inner-18_32\"><div class=\"quform-input quform-input-select quform-input-18_32 quform-cf\"><select id=\"quform_18_32_47db23\" name=\"quform_18_32\" class=\"quform-field quform-field-select quform-field-18_32\"><option value=\"\" selected=\"selected\">Please select<\/option><option value=\"Aguascalientes\">Aguascalientes<\/option><option value=\"Baja California\">Baja California<\/option><option value=\"Baja California Sur\">Baja California Sur<\/option><option value=\"Campeche\">Campeche<\/option><option value=\"Chiapas\">Chiapas<\/option><option value=\"Chihuahua\">Chihuahua<\/option><option value=\"Coahuila\">Coahuila<\/option><option value=\"Colima\">Colima<\/option><option value=\"Distrito Federal\">Distrito Federal<\/option><option value=\"Durango\">Durango<\/option><option value=\"Guanajuato\">Guanajuato<\/option><option value=\"Guerrero\">Guerrero<\/option><option value=\"Hidalgo\">Hidalgo<\/option><option value=\"Jalisco\">Jalisco<\/option><option value=\"M\u00e9xico\">M\u00e9xico<\/option><option value=\"Michoac\u00e1n\">Michoac\u00e1n<\/option><option value=\"Morelos\">Morelos<\/option><option value=\"Nayarit\">Nayarit<\/option><option value=\"Nuevo Le\u00f3n\">Nuevo Le\u00f3n<\/option><option value=\"Oaxaca\">Oaxaca<\/option><option value=\"Puebla\">Puebla<\/option><option value=\"Quer\u00e9taro\">Quer\u00e9taro<\/option><option value=\"Quintana Roo\">Quintana Roo<\/option><option value=\"San Luis Potos\u00ed\">San Luis Potos\u00ed<\/option><option value=\"Sinaloa\">Sinaloa<\/option><option value=\"Sonora\">Sonora<\/option><option value=\"Tabasco\">Tabasco<\/option><option value=\"Tamaulipas\">Tamaulipas<\/option><option value=\"Tlaxcala\">Tlaxcala<\/option><option value=\"Veracruz\">Veracruz<\/option><option value=\"Yucat\u00e1n\">Yucat\u00e1n<\/option><option value=\"Zacatecas\">Zacatecas<\/option><\/select><\/div><\/div><\/div><\/div><div class=\"quform-element quform-element-checkbox quform-element-18_17 quform-cf quform-element-optional\"><div class=\"quform-spacer\"><div class=\"quform-inner quform-inner-checkbox quform-inner-18_17\"><div class=\"quform-input quform-input-checkbox quform-input-18_17 quform-cf\"><div class=\"quform-options quform-cf quform-options-block quform-options-simple\"><div class=\"quform-option\"><input type=\"checkbox\" name=\"quform_18_17[]\" id=\"quform_18_17_47db23_1\" class=\"quform-field quform-field-checkbox quform-field-18_17 quform-field-18_17_1\" value=\"Acepto t\u00e9rminos y condiciones\" \/><label for=\"quform_18_17_47db23_1\" class=\"quform-option-label quform-option-label-18_17_1\"><span class=\"quform-option-text\">Acepto t\u00e9rminos y condiciones<\/span><\/label><\/div><\/div><\/div><\/div><\/div><\/div><div class=\"quform-element quform-element-submit quform-element-18_2 quform-cf quform-button-style-classic quform-button-size-medium quform-button-width-large\"><div class=\"quform-button-submit quform-button-submit-default quform-button-submit-18_2\"><button name=\"quform_submit\" type=\"submit\" class=\"quform-submit\" value=\"submit\"><span class=\"quform-button-text quform-button-submit-text\">Enviar<\/span><\/button><\/div><div class=\"quform-loading quform-loading-position-left quform-loading-type-spinner-1\"><div class=\"quform-loading-inner\"><div class=\"quform-loading-spinner\"><div class=\"quform-loading-spinner-inner\"><\/div><\/div><\/div><\/div><\/div><\/div><\/div><input type=\"hidden\" name=\"quform_18_29\" class=\"quform-field quform-field-hidden quform-field-18_29\" data-default=\"https:\/\/usadas.ascendum.mx\/wp65\/wp-json\/wp\/v2\/pages\/708?doing_wp_cron=1775408459.3934400081634521484375\" value=\"https:\/\/usadas.ascendum.mx\/wp65\/wp-json\/wp\/v2\/pages\/708?doing_wp_cron=1775408459.3934400081634521484375\" \/><input type=\"hidden\" name=\"quform_18_30\" class=\"quform-field quform-field-hidden quform-field-18_30\" data-default=\"4\/5\/2026 11:01 AM\" value=\"4\/5\/2026 11:01 AM\" \/><input type=\"hidden\" name=\"quform_18_31\" class=\"quform-field quform-field-hidden quform-field-18_31\" data-default=\"216.73.216.109\" value=\"216.73.216.109\" \/><div class=\"quform-element-tree\"><label for=\"quform_18_0_47db23\">This field should be left blank<\/label><input type=\"text\" id=\"quform_18_0_47db23\" name=\"quform_18_0\" class=\"quform-field quform-field-tree quform-field-18_0\" tabindex=\"-1\" autocomplete=\"off\" \/><\/div><\/div><\/div><\/div><\/div><\/form><\/div> &nbsp;<\/p>\n","protected":false},"author":5,"featured_media":0,"parent":0,"menu_order":0,"comment_status":"closed","ping_status":"closed","template":"page-template-blank.php","meta":{"_et_pb_use_builder":"on","_et_pb_old_content":"","_et_gb_content_width":"","order-bump-settings":[],"_wpfnl_thankyou_order_overview":"on","_wpfnl_thankyou_order_details":"on","_wpfnl_thankyou_billing_details":"on","_wpfnl_thankyou_shipping_details":"on","footnotes":""},"class_list":["post-708","page","type-page","status-publish","hentry"],"_links":{"self":[{"href":"https:\/\/usadas.ascendum.mx\/wp65\/wp-json\/wp\/v2\/pages\/708","targetHints":{"allow":["GET"]}}],"collection":[{"href":"https:\/\/usadas.ascendum.mx\/wp65\/wp-json\/wp\/v2\/pages"}],"about":[{"href":"https:\/\/usadas.ascendum.mx\/wp65\/wp-json\/wp\/v2\/types\/page"}],"author":[{"embeddable":true,"href":"https:\/\/usadas.ascendum.mx\/wp65\/wp-json\/wp\/v2\/users\/5"}],"replies":[{"embeddable":true,"href":"https:\/\/usadas.ascendum.mx\/wp65\/wp-json\/wp\/v2\/comments?post=708"}],"version-history":[{"count":13,"href":"https:\/\/usadas.ascendum.mx\/wp65\/wp-json\/wp\/v2\/pages\/708\/revisions"}],"predecessor-version":[{"id":110256,"href":"https:\/\/usadas.ascendum.mx\/wp65\/wp-json\/wp\/v2\/pages\/708\/revisions\/110256"}],"wp:attachment":[{"href":"https:\/\/usadas.ascendum.mx\/wp65\/wp-json\/wp\/v2\/media?parent=708"}],"curies":[{"name":"wp","href":"https:\/\/api.w.org\/{rel}","templated":true}]}}